{"id":13323,"date":"2017-03-28T09:41:19","date_gmt":"2017-03-28T09:41:19","guid":{"rendered":"https:\/\/dieter.qodeinteractive.com\/?page_id=5"},"modified":"2024-08-26T19:00:20","modified_gmt":"2024-08-26T19:00:20","slug":"creative-agency","status":"publish","type":"page","link":"http:\/\/6ustu.com\/","title":{"rendered":"Creative Agency"},"content":{"rendered":"<div class=\"wpb-content-wrapper\"><p>[vc_row row_content_width=&#8221;grid&#8221; enable_hue_rotation=&#8221;no&#8221; use_row_as_full_screen_section=&#8221;no&#8221; back_to_top_skin=&#8221;default&#8221; angled_shape=&#8221;no&#8221; css=&#8221;.vc_custom_1491809368960{padding-top: 98px !important;padding-bottom: 96px !important;}&#8221;][vc_column]<div class=\"edge-section-title-holder \">\n\t<div class=\"edge-st-inner\">\n\n        \n\t<\/div>\n<\/div>[vc_column_text]<\/p>\n<h2 style=\"text-align: center;\">6\u00fcst\u00fc neler <span style=\"color: #f8035d;\">yapar?<\/span><\/h2>\n<p>[\/vc_column_text][vc_empty_space height=&#8221;9px&#8221;]<div class=\"edge-elements-holder edge-one-column edge-responsive-mode-768\" ><div class=\"edge-eh-item \"  data-item-class=\"edge-eh-custom-469345\" data-1024-1280=\"14px 5% 0 5%\" data-768-1024=\"14px 0% 0 0%\" data-600-768=\"14px 0% 0 0%\">\n\t<div class=\"edge-eh-item-inner\">\n\t\t<div class=\"edge-eh-item-content edge-eh-custom-469345\" style=\"padding: 14px 11% 0 11%\">\n\t\t\t[vc_column_text]<\/p>\n<h4 style=\"text-align: center;\">Farkl\u0131 uzmanl\u0131k alanlar\u0131m\u0131z sayesinde ihtiyaca y\u00f6nelik b\u00fcy\u00fcy\u00fcp k\u00fc\u00e7\u00fclen mod\u00fcler ekibimizle h\u0131zl\u0131 ve yarat\u0131c\u0131 \u00e7\u00f6z\u00fcmler buluyoruz.<\/h4>\n<p>[\/vc_column_text]\t\t<\/div>\n\t<\/div>\n<\/div><\/div>[vc_empty_space height=&#8221;84px&#8221;][vc_row_inner row_content_width=&#8221;grid&#8221;][vc_column_inner offset=&#8221;vc_col-lg-4 vc_col-md-12 vc_col-xs-12&#8243; css=&#8221;.vc_custom_1493796847195{padding-right: 10% !important;}&#8221;]<div class=\"edge-iwt clearfix edge-iwt-icon-left edge-iwt-icon-large\">\n\t<div class=\"edge-iwt-icon\">\n\t\t\t\t\t<a itemprop=\"url\" href=\"#\" target=\"_blank\">\n\t\t\t\t\t\t\t\t\t<img loading=\"lazy\" decoding=\"async\" width=\"48\" height=\"48\" src=\"http:\/\/6ustu.com\/wp-content\/uploads\/2024\/08\/produksiyon.svg\" class=\"attachment-full size-full\" alt=\"\" \/>\t\t\t\t\t\t\t\t<\/a>\n\t\t\t<\/div>\n\t<div class=\"edge-iwt-content\" style=\"padding-left: 26px\">\n\t\t\t\t\t<h3 class=\"edge-iwt-title\" style=\"color: #1e1e1e\">\n\t\t\t\t\t\t\t\t\t<a itemprop=\"url\" href=\"#\" target=\"_blank\">\n\t\t\t\t\t\t\t\t<span class=\"edge-iwt-title-text\">Etkinlik Tasar\u0131m\u0131 &amp; Prod\u00fcksiyon<\/span>\n\t\t\t\t\t\t\t\t\t<\/a>\n\t\t\t\t\t\t\t<\/h3>\n\t\t\t\t\t\t\t<p class=\"edge-iwt-text\" style=\"color: #838383;margin-top: 20px\">\u0130\u015f ortaklar\u0131m\u0131z\u0131 do\u011fru anlayarak ger\u00e7ek\u00e7i, uygulanabilir ve fark yaratan fikirleri pratik \u015fekilde hayata ge\u00e7iriyoruz.<\/p>\n\t\t\t<\/div>\n<\/div>[vc_empty_space height=&#8221;61px&#8221;][\/vc_column_inner][vc_column_inner offset=&#8221;vc_col-lg-4 vc_col-md-12 vc_col-xs-12&#8243; css=&#8221;.vc_custom_1493796885083{padding-right: 10% !important;}&#8221;]<div class=\"edge-iwt clearfix edge-iwt-icon-left edge-iwt-icon-small\">\n\t<div class=\"edge-iwt-icon\">\n\t\t\t\t\t<a itemprop=\"url\" href=\"#\" target=\"_blank\">\n\t\t\t\t\t\t\t\t\t<img loading=\"lazy\" decoding=\"async\" width=\"48\" height=\"48\" src=\"http:\/\/6ustu.com\/wp-content\/uploads\/2024\/08\/pazarlama.svg\" class=\"attachment-full size-full\" alt=\"\" \/>\t\t\t\t\t\t\t\t<\/a>\n\t\t\t<\/div>\n\t<div class=\"edge-iwt-content\" style=\"padding-left: 26px\">\n\t\t\t\t\t<h3 class=\"edge-iwt-title\" style=\"color: #1e1e1e\">\n\t\t\t\t\t\t\t\t\t<a itemprop=\"url\" href=\"#\" target=\"_blank\">\n\t\t\t\t\t\t\t\t<span class=\"edge-iwt-title-text\">Pazarlama Stratejisi &amp; Uygulama<\/span>\n\t\t\t\t\t\t\t\t\t<\/a>\n\t\t\t\t\t\t\t<\/h3>\n\t\t\t\t\t\t\t<p class=\"edge-iwt-text\" style=\"color: #838383;margin-top: 20px\">S\u0131f\u0131rdan veya var olan\u0131 ileriye g\u00f6r\u00fcren pazarlama stratejileri yarat\u0131yor ve do\u011fru kanallarda uyguluyoruz.<\/p>\n\t\t\t<\/div>\n<\/div>[vc_empty_space height=&#8221;61px&#8221;][\/vc_column_inner][vc_column_inner offset=&#8221;vc_col-lg-4 vc_col-md-12 vc_col-xs-12&#8243; css=&#8221;.vc_custom_1493796898436{padding-right: 10% !important;}&#8221;]<div class=\"edge-iwt clearfix edge-iwt-icon-left edge-iwt-icon-small\">\n\t<div class=\"edge-iwt-icon\">\n\t\t\t\t\t<a itemprop=\"url\" href=\"#\" target=\"_blank\">\n\t\t\t\t\t\t\t\t\t<img loading=\"lazy\" decoding=\"async\" width=\"48\" height=\"48\" src=\"http:\/\/6ustu.com\/wp-content\/uploads\/2024\/08\/marka-isbirlikleri.svg\" class=\"attachment-full size-full\" alt=\"\" \/>\t\t\t\t\t\t\t\t<\/a>\n\t\t\t<\/div>\n\t<div class=\"edge-iwt-content\" style=\"padding-left: 26px\">\n\t\t\t\t\t<h3 class=\"edge-iwt-title\" style=\"color: #1e1e1e\">\n\t\t\t\t\t\t\t\t\t<a itemprop=\"url\" href=\"#\" target=\"_blank\">\n\t\t\t\t\t\t\t\t<span class=\"edge-iwt-title-text\">Marka \u0130\u015f Birlikleri<\/span>\n\t\t\t\t\t\t\t\t\t<\/a>\n\t\t\t\t\t\t\t<\/h3>\n\t\t\t\t\t\t\t<p class=\"edge-iwt-text\" style=\"color: #838383;margin-top: 20px\">\u0130\u015f ortaklar\u0131m\u0131z\u0131 uygun markalarla bulu\u015fturarak yeni \u00e7al\u0131\u015fma alanlar\u0131 yarat\u0131yoruz.<\/p>\n\t\t\t<\/div>\n<\/div>[vc_empty_space height=&#8221;61px&#8221;][\/vc_column_inner][\/vc_row_inner][vc_row_inner row_content_width=&#8221;grid&#8221;][vc_column_inner offset=&#8221;vc_col-lg-4 vc_col-md-12 vc_col-xs-12&#8243; css=&#8221;.vc_custom_1493797181875{padding-right: 10% !important;}&#8221;]<div class=\"edge-iwt clearfix edge-iwt-icon-left edge-iwt-icon-small\">\n\t<div class=\"edge-iwt-icon\">\n\t\t\t\t\t<a itemprop=\"url\" href=\"#\" target=\"_blank\">\n\t\t\t\t\t\t\t\t\t<img loading=\"lazy\" decoding=\"async\" width=\"48\" height=\"48\" src=\"http:\/\/6ustu.com\/wp-content\/uploads\/2024\/08\/sanat.svg\" class=\"attachment-full size-full\" alt=\"\" \/>\t\t\t\t\t\t\t\t<\/a>\n\t\t\t<\/div>\n\t<div class=\"edge-iwt-content\" style=\"padding-left: 26px\">\n\t\t\t\t\t<h3 class=\"edge-iwt-title\" style=\"color: #1e1e1e\">\n\t\t\t\t\t\t\t\t\t<a itemprop=\"url\" href=\"#\" target=\"_blank\">\n\t\t\t\t\t\t\t\t<span class=\"edge-iwt-title-text\">Sanatsal ve Yarat\u0131c\u0131 Proje Tasar\u0131m\u0131<\/span>\n\t\t\t\t\t\t\t\t\t<\/a>\n\t\t\t\t\t\t\t<\/h3>\n\t\t\t\t\t\t\t<p class=\"edge-iwt-text\" style=\"color: #838383;margin-top: 20px\">\u0130\u015f ortaklar\u0131m\u0131za \u00f6zel haz\u0131rlad\u0131\u011f\u0131m\u0131z konsept i\u00e7erikleri sanat ve yarat\u0131c\u0131 fikirlerle birle\u015ftirip uyguluyoruz.<\/p>\n\t\t\t<\/div>\n<\/div>[vc_empty_space height=&#8221;56px&#8221;][\/vc_column_inner][vc_column_inner offset=&#8221;vc_col-lg-4 vc_col-md-12 vc_col-xs-12&#8243; css=&#8221;.vc_custom_1493797188843{padding-right: 10% !important;}&#8221;]<div class=\"edge-iwt clearfix edge-iwt-icon-left edge-iwt-icon-small\">\n\t<div class=\"edge-iwt-icon\">\n\t\t\t\t\t<a itemprop=\"url\" href=\"#\" target=\"_blank\">\n\t\t\t\t\t\t\t\t\t    <span class=\"edge-icon-shortcode edge-normal\"  data-hover-color=\"#f8035d\" data-color=\"#1e1e1e\">\n                    <i class=\"edge-icon-linea-icon icon-basic-link edge-icon-element\" style=\"color: #1e1e1e;font-size:60px\" ><\/i>            <\/span>\n\t\t\t\t\t\t\t\t<\/a>\n\t\t\t<\/div>\n\t<div class=\"edge-iwt-content\" style=\"padding-left: 26px\">\n\t\t\t\t\t<h3 class=\"edge-iwt-title\" style=\"color: #1e1e1e\">\n\t\t\t\t\t\t\t\t\t<a itemprop=\"url\" href=\"#\" target=\"_blank\">\n\t\t\t\t\t\t\t\t<span class=\"edge-iwt-title-text\">Yaz\u0131l\u0131m ve Teknoloji<\/span>\n\t\t\t\t\t\t\t\t\t<\/a>\n\t\t\t\t\t\t\t<\/h3>\n\t\t\t\t\t\t\t<p class=\"edge-iwt-text\" style=\"color: #838383;margin-top: 20px\">\u0130htiya\u00e7 odakl\u0131, entegre olabilen yaz\u0131l\u0131m ve teknoloji \u00e7\u00f6z\u00fcmleri \u00fcretiyoruz.<\/p>\n\t\t\t<\/div>\n<\/div>[vc_empty_space height=&#8221;56px&#8221;][\/vc_column_inner][vc_column_inner offset=&#8221;vc_col-lg-4 vc_col-md-12 vc_col-xs-12&#8243; css=&#8221;.vc_custom_1493797195979{padding-right: 10% !important;}&#8221;]<div class=\"edge-iwt clearfix edge-iwt-icon-left edge-iwt-icon-small\">\n\t<div class=\"edge-iwt-icon\">\n\t\t\t\t\t<a itemprop=\"url\" href=\"#\" target=\"_blank\">\n\t\t\t\t\t\t\t\t\t<img loading=\"lazy\" decoding=\"async\" width=\"49\" height=\"49\" src=\"http:\/\/6ustu.com\/wp-content\/uploads\/2024\/08\/tasarim-uygulama.svg\" class=\"attachment-full size-full\" alt=\"\" \/>\t\t\t\t\t\t\t\t<\/a>\n\t\t\t<\/div>\n\t<div class=\"edge-iwt-content\" style=\"padding-left: 26px\">\n\t\t\t\t\t<h3 class=\"edge-iwt-title\" style=\"color: #1e1e1e\">\n\t\t\t\t\t\t\t\t\t<a itemprop=\"url\" href=\"#\" target=\"_blank\">\n\t\t\t\t\t\t\t\t<span class=\"edge-iwt-title-text\">Tasar\u0131m ve Uygulama<\/span>\n\t\t\t\t\t\t\t\t\t<\/a>\n\t\t\t\t\t\t\t<\/h3>\n\t\t\t\t\t\t\t<p class=\"edge-iwt-text\" style=\"color: #838383;margin-top: 20px\">\u00dcr\u00fcn odakl\u0131 tasar\u0131m yap\u0131yor ve uyguluyoruz.<\/p>\n\t\t\t<\/div>\n<\/div>[vc_empty_space height=&#8221;56px&#8221;][\/vc_column_inner][\/vc_row_inner][\/vc_column][\/vc_row][vc_row row_content_width=&#8221;grid&#8221; enable_hue_rotation=&#8221;no&#8221; use_row_as_full_screen_section=&#8221;no&#8221; back_to_top_skin=&#8221;default&#8221; angled_shape=&#8221;no&#8221; css=&#8221;.vc_custom_1722597440812{padding-top: 125px !important;padding-bottom: 108px !important;}&#8221; el_id=&#8221;meet-our-team&#8221; anchor=&#8221;meet-our-team&#8221;][vc_column][vc_column_text]<\/p>\n<h2 style=\"text-align: center;\">Ekibimizle<span style=\"color: #5b27fb;\"> Tan\u0131\u015f\u0131n.<\/span><\/h2>\n<p>[\/vc_column_text][vc_empty_space height=&#8221;9px&#8221;][vc_empty_space height=&#8221;92px&#8221;]<div class=\"edge-team-list-holder edge-tl-normal-space edge-tl-five-columns edge-tl-hover-show-additional-image\">\n\t<div class=\"edge-tl-inner \" data-number-of-items=\"5\" data-enable-navigation=\"no\" data-enable-pagination=\"no\">\n\t\t<div class=\"edge-team info-bellow\">\n\t<div class=\"edge-team-inner\">\n\t\t\t\t\t<div class=\"edge-team-image\">\n                                     <a itemprop=\"url\" href=\"http:\/\/6ustu.com\/?team-member=casey-jones-3\">\n                                    <img loading=\"lazy\" decoding=\"async\" width=\"308\" height=\"308\" src=\"http:\/\/6ustu.com\/wp-content\/uploads\/2017\/03\/h2-team-img-4.jpg\" class=\"attachment-full size-full wp-post-image\" alt=\"m\" srcset=\"http:\/\/6ustu.com\/wp-content\/uploads\/2017\/03\/h2-team-img-4.jpg 308w, http:\/\/6ustu.com\/wp-content\/uploads\/2017\/03\/h2-team-img-4-300x300.jpg 300w, http:\/\/6ustu.com\/wp-content\/uploads\/2017\/03\/h2-team-img-4-100x100.jpg 100w, http:\/\/6ustu.com\/wp-content\/uploads\/2017\/03\/h2-team-img-4-150x150.jpg 150w\" sizes=\"(max-width: 308px) 100vw, 308px\" \/>                                        \t<img decoding=\"async\" class=\"edge-team-additional-image\" src=\"https:\/\/dieter.qodeinteractive.com\/wp-content\/uploads\/2017\/03\/h2-team-img-4a-1.jpg\" alt=\"Zafer\" \/>\n                                    <\/a>\n\t\t\t<\/div>\n\t\t\t\t<div class=\"edge-team-info\">\n            <div class=\"edge-team-title-holder\">\n                <h4 itemprop=\"name\" class=\"edge-team-name entry-title\">\n                                        <a itemprop=\"url\" href=\"http:\/\/6ustu.com\/?team-member=casey-jones-3\" >\n                            Zafer                                <\/a>\n                <\/h4>\n\n                                    <h5 class=\"edge-team-position\">Hayalleri ve tasar\u0131mlar\u0131 hayata ge\u00e7irir<\/h5>\n                            <\/div>\n            \t\t\t<div class=\"edge-team-social-holder-between\">\n\t\t\t\t<div class=\"edge-team-social\">\n\t\t\t\t\t<div class=\"edge-team-social-inner\">\n\t\t\t\t\t\t<div class=\"edge-team-social-wrapp\">\n\t\t\t\t\t\t\t\t\t\t\t\t\t<\/div>\n\t\t\t\t\t<\/div>\n\t\t\t\t<\/div>\n\t\t\t<\/div>\n                        \t\t<\/div>\n\t<\/div>\n<\/div><div class=\"edge-team info-bellow\">\n\t<div class=\"edge-team-inner\">\n\t\t\t\t\t<div class=\"edge-team-image\">\n                                     <a itemprop=\"url\" href=\"http:\/\/6ustu.com\/?team-member=casey-jones-2\">\n                                    <img loading=\"lazy\" decoding=\"async\" width=\"308\" height=\"308\" src=\"http:\/\/6ustu.com\/wp-content\/uploads\/2017\/03\/h2-team-img-3.jpg\" class=\"attachment-full size-full wp-post-image\" alt=\"m\" srcset=\"http:\/\/6ustu.com\/wp-content\/uploads\/2017\/03\/h2-team-img-3.jpg 308w, http:\/\/6ustu.com\/wp-content\/uploads\/2017\/03\/h2-team-img-3-300x300.jpg 300w, http:\/\/6ustu.com\/wp-content\/uploads\/2017\/03\/h2-team-img-3-100x100.jpg 100w, http:\/\/6ustu.com\/wp-content\/uploads\/2017\/03\/h2-team-img-3-150x150.jpg 150w\" sizes=\"(max-width: 308px) 100vw, 308px\" \/>                                        \t<img decoding=\"async\" class=\"edge-team-additional-image\" src=\"https:\/\/dieter.qodeinteractive.com\/wp-content\/uploads\/2017\/03\/h2-team-img-3a-1.jpg\" alt=\"Cansu\" \/>\n                                    <\/a>\n\t\t\t<\/div>\n\t\t\t\t<div class=\"edge-team-info\">\n            <div class=\"edge-team-title-holder\">\n                <h4 itemprop=\"name\" class=\"edge-team-name entry-title\">\n                                        <a itemprop=\"url\" href=\"http:\/\/6ustu.com\/?team-member=casey-jones-2\" >\n                            Cansu                                <\/a>\n                <\/h4>\n\n                                    <h5 class=\"edge-team-position\">Anlar, konu\u015fur, tavlar, pazarlar<\/h5>\n                            <\/div>\n            \t\t\t<div class=\"edge-team-social-holder-between\">\n\t\t\t\t<div class=\"edge-team-social\">\n\t\t\t\t\t<div class=\"edge-team-social-inner\">\n\t\t\t\t\t\t<div class=\"edge-team-social-wrapp\">\n\t\t\t\t\t\t\t\t\t\t\t\t\t<\/div>\n\t\t\t\t\t<\/div>\n\t\t\t\t<\/div>\n\t\t\t<\/div>\n                        \t\t<\/div>\n\t<\/div>\n<\/div><div class=\"edge-team info-bellow\">\n\t<div class=\"edge-team-inner\">\n\t\t\t\t\t<div class=\"edge-team-image\">\n                                     <a itemprop=\"url\" href=\"http:\/\/6ustu.com\/?team-member=casey-jones\">\n                                    <img loading=\"lazy\" decoding=\"async\" width=\"308\" height=\"308\" src=\"http:\/\/6ustu.com\/wp-content\/uploads\/2017\/03\/h2-team-img-1.jpg\" class=\"attachment-full size-full wp-post-image\" alt=\"m\" srcset=\"http:\/\/6ustu.com\/wp-content\/uploads\/2017\/03\/h2-team-img-1.jpg 308w, http:\/\/6ustu.com\/wp-content\/uploads\/2017\/03\/h2-team-img-1-300x300.jpg 300w, http:\/\/6ustu.com\/wp-content\/uploads\/2017\/03\/h2-team-img-1-100x100.jpg 100w, http:\/\/6ustu.com\/wp-content\/uploads\/2017\/03\/h2-team-img-1-150x150.jpg 150w\" sizes=\"(max-width: 308px) 100vw, 308px\" \/>                                        \t<img decoding=\"async\" class=\"edge-team-additional-image\" src=\"http:\/\/6ustu.com\/wp-content\/uploads\/2017\/03\/h2-team-img-1a-1.jpg\" alt=\"Ecem\" \/>\n                                    <\/a>\n\t\t\t<\/div>\n\t\t\t\t<div class=\"edge-team-info\">\n            <div class=\"edge-team-title-holder\">\n                <h4 itemprop=\"name\" class=\"edge-team-name entry-title\">\n                                        <a itemprop=\"url\" href=\"http:\/\/6ustu.com\/?team-member=casey-jones\" >\n                            Ecem                                <\/a>\n                <\/h4>\n\n                                    <h5 class=\"edge-team-position\">Hikayele\u015ftirir, tasarlar, \u00fcretir<\/h5>\n                            <\/div>\n            \t\t\t<div class=\"edge-team-social-holder-between\">\n\t\t\t\t<div class=\"edge-team-social\">\n\t\t\t\t\t<div class=\"edge-team-social-inner\">\n\t\t\t\t\t\t<div class=\"edge-team-social-wrapp\">\n\t\t\t\t\t\t\t\t\t\t\t\t\t<\/div>\n\t\t\t\t\t<\/div>\n\t\t\t\t<\/div>\n\t\t\t<\/div>\n                        \t\t<\/div>\n\t<\/div>\n<\/div><div class=\"edge-team info-bellow\">\n\t<div class=\"edge-team-inner\">\n\t\t\t\t\t<div class=\"edge-team-image\">\n                                     <a itemprop=\"url\" href=\"http:\/\/6ustu.com\/?team-member=onur\">\n                                    <img loading=\"lazy\" decoding=\"async\" width=\"308\" height=\"308\" src=\"http:\/\/6ustu.com\/wp-content\/uploads\/2017\/03\/h2-team-img-2.jpg\" class=\"attachment-full size-full wp-post-image\" alt=\"m\" srcset=\"http:\/\/6ustu.com\/wp-content\/uploads\/2017\/03\/h2-team-img-2.jpg 308w, http:\/\/6ustu.com\/wp-content\/uploads\/2017\/03\/h2-team-img-2-300x300.jpg 300w, http:\/\/6ustu.com\/wp-content\/uploads\/2017\/03\/h2-team-img-2-100x100.jpg 100w, http:\/\/6ustu.com\/wp-content\/uploads\/2017\/03\/h2-team-img-2-150x150.jpg 150w\" sizes=\"(max-width: 308px) 100vw, 308px\" \/>                                        \t<img decoding=\"async\" class=\"edge-team-additional-image\" src=\"http:\/\/6ustu.com\/wp-content\/uploads\/2017\/03\/h2-team-img-2a-1.jpg\" alt=\"Onur\" \/>\n                                    <\/a>\n\t\t\t<\/div>\n\t\t\t\t<div class=\"edge-team-info\">\n            <div class=\"edge-team-title-holder\">\n                <h4 itemprop=\"name\" class=\"edge-team-name entry-title\">\n                                        <a itemprop=\"url\" href=\"http:\/\/6ustu.com\/?team-member=onur\" >\n                            Onur                                <\/a>\n                <\/h4>\n\n                                    <h5 class=\"edge-team-position\">Yaz\u0131l\u0131m m\u0131? O bizde.<\/h5>\n                            <\/div>\n            \t\t\t<div class=\"edge-team-social-holder-between\">\n\t\t\t\t<div class=\"edge-team-social\">\n\t\t\t\t\t<div class=\"edge-team-social-inner\">\n\t\t\t\t\t\t<div class=\"edge-team-social-wrapp\">\n\t\t\t\t\t\t\t\t\t\t\t\t\t<\/div>\n\t\t\t\t\t<\/div>\n\t\t\t\t<\/div>\n\t\t\t<\/div>\n                        \t\t<\/div>\n\t<\/div>\n<\/div><div class=\"edge-team info-bellow\">\n\t<div class=\"edge-team-inner\">\n\t\t\t\t\t<div class=\"edge-team-image\">\n                                     <a itemprop=\"url\" href=\"http:\/\/6ustu.com\/?team-member=wanda-heep\">\n                                    <img loading=\"lazy\" decoding=\"async\" width=\"308\" height=\"308\" src=\"http:\/\/6ustu.com\/wp-content\/uploads\/2017\/03\/h2-team-img-3.jpg\" class=\"attachment-full size-full wp-post-image\" alt=\"m\" srcset=\"http:\/\/6ustu.com\/wp-content\/uploads\/2017\/03\/h2-team-img-3.jpg 308w, http:\/\/6ustu.com\/wp-content\/uploads\/2017\/03\/h2-team-img-3-300x300.jpg 300w, http:\/\/6ustu.com\/wp-content\/uploads\/2017\/03\/h2-team-img-3-100x100.jpg 100w, http:\/\/6ustu.com\/wp-content\/uploads\/2017\/03\/h2-team-img-3-150x150.jpg 150w\" sizes=\"(max-width: 308px) 100vw, 308px\" \/>                                        \t<img decoding=\"async\" class=\"edge-team-additional-image\" src=\"http:\/\/6ustu.com\/wp-content\/uploads\/2017\/03\/h2-team-img-3a-1.jpg\" alt=\"G\u00fclsen\" \/>\n                                    <\/a>\n\t\t\t<\/div>\n\t\t\t\t<div class=\"edge-team-info\">\n            <div class=\"edge-team-title-holder\">\n                <h4 itemprop=\"name\" class=\"edge-team-name entry-title\">\n                                        <a itemprop=\"url\" href=\"http:\/\/6ustu.com\/?team-member=wanda-heep\" >\n                            G\u00fclsen                                <\/a>\n                <\/h4>\n\n                                    <h5 class=\"edge-team-position\">G\u00f6r\u00fcr, ba\u011flar, satar<\/h5>\n                            <\/div>\n            \t\t\t<div class=\"edge-team-social-holder-between\">\n\t\t\t\t<div class=\"edge-team-social\">\n\t\t\t\t\t<div class=\"edge-team-social-inner\">\n\t\t\t\t\t\t<div class=\"edge-team-social-wrapp\">\n\t\t\t\t\t\t\t\t\t\t\t\t\t<\/div>\n\t\t\t\t\t<\/div>\n\t\t\t\t<\/div>\n\t\t\t<\/div>\n                        \t\t<\/div>\n\t<\/div>\n<\/div>\t<\/div>\n<\/div>[\/vc_column][\/vc_row]<\/p>\n<\/div>","protected":false},"excerpt":{"rendered":"<p>[vc_row row_content_width=&#8221;grid&#8221; enable_hue_rotation=&#8221;no&#8221; use_row_as_full_screen_section=&#8221;no&#8221; back_to_top_skin=&#8221;default&#8221; angled_shape=&#8221;no&#8221; css=&#8221;.vc_custom_1491809368960{padding-top: 98px !important;padding-bottom: 96px !important;}&#8221;][vc_column][vc_column_text] 6\u00fcst\u00fc neler yapar? [\/vc_column_text][vc_empty_space height=&#8221;9px&#8221;][vc_empty_space height=&#8221;84px&#8221;][vc_row_inner row_content_width=&#8221;grid&#8221;][vc_column_inner offset=&#8221;vc_col-lg-4 vc_col-md-12 vc_col-xs-12&#8243; css=&#8221;.vc_custom_1493796847195{padding-right: 10% !important;}&#8221;][vc_empty_space height=&#8221;61px&#8221;][\/vc_column_inner][vc_column_inner offset=&#8221;vc_col-lg-4 vc_col-md-12 vc_col-xs-12&#8243; css=&#8221;.vc_custom_1493796885083{padding-right: 10% !important;}&#8221;][vc_empty_space height=&#8221;61px&#8221;][\/vc_column_inner][vc_column_inner offset=&#8221;vc_col-lg-4 vc_col-md-12 vc_col-xs-12&#8243; css=&#8221;.vc_custom_1493796898436{padding-right: 10% !important;}&#8221;][vc_empty_space height=&#8221;61px&#8221;][\/vc_column_inner][\/vc_row_inner][vc_row_inner row_content_width=&#8221;grid&#8221;][vc_column_inner [&hellip;]<\/p>\n","protected":false},"author":1,"featured_media":0,"parent":0,"menu_order":0,"comment_status":"closed","ping_status":"closed","template":"full-width.php","meta":{"inline_featured_image":false,"footnotes":""},"class_list":["post-13323","page","type-page","status-publish","hentry"],"_links":{"self":[{"href":"http:\/\/6ustu.com\/index.php?rest_route=\/wp\/v2\/pages\/13323"}],"collection":[{"href":"http:\/\/6ustu.com\/index.php?rest_route=\/wp\/v2\/pages"}],"about":[{"href":"http:\/\/6ustu.com\/index.php?rest_route=\/wp\/v2\/types\/page"}],"author":[{"embeddable":true,"href":"http:\/\/6ustu.com\/index.php?rest_route=\/wp\/v2\/users\/1"}],"replies":[{"embeddable":true,"href":"http:\/\/6ustu.com\/index.php?rest_route=%2Fwp%2Fv2%2Fcomments&post=13323"}],"version-history":[{"count":11,"href":"http:\/\/6ustu.com\/index.php?rest_route=\/wp\/v2\/pages\/13323\/revisions"}],"predecessor-version":[{"id":13536,"href":"http:\/\/6ustu.com\/index.php?rest_route=\/wp\/v2\/pages\/13323\/revisions\/13536"}],"wp:attachment":[{"href":"http:\/\/6ustu.com\/index.php?rest_route=%2Fwp%2Fv2%2Fmedia&parent=13323"}],"curies":[{"name":"wp","href":"https:\/\/api.w.org\/{rel}","templated":true}]}}