{"id":838,"date":"2017-04-07T10:06:42","date_gmt":"2017-04-07T10:06:42","guid":{"rendered":"https:\/\/dieter.qodeinteractive.com\/cart\/"},"modified":"2017-04-07T10:06:42","modified_gmt":"2017-04-07T10:06:42","slug":"cart-2","status":"publish","type":"page","link":"http:\/\/6ustu.com\/?page_id=838","title":{"rendered":"Cart"},"content":{"rendered":"<div class=\"woocommerce\"><div class=\"woocommerce-notices-wrapper\"><\/div><div class=\"wc-empty-cart-message\">\n\t<div class=\"cart-empty woocommerce-info\">\n\t\tSepetiniz \u015fu anda bo\u015f.\t<\/div>\n<\/div>\t<p class=\"return-to-shop\">\n\t\t<a class=\"button wc-backward\" href=\"http:\/\/6ustu.com\/?page_id=7\">\n\t\t\tMa\u011fazaya geri d\u00f6n\t\t<\/a>\n\t<\/p>\n<\/div>\n","protected":false},"excerpt":{"rendered":"Sepetiniz \u015fu anda bo\u015f. Ma\u011fazaya geri d\u00f6n","protected":false},"author":1,"featured_media":0,"parent":0,"menu_order":0,"comment_status":"closed","ping_status":"closed","template":"","meta":{"inline_featured_image":false,"footnotes":""},"class_list":["post-838","page","type-page","status-publish","hentry"],"_links":{"self":[{"href":"http:\/\/6ustu.com\/index.php?rest_route=\/wp\/v2\/pages\/838"}],"collection":[{"href":"http:\/\/6ustu.com\/index.php?rest_route=\/wp\/v2\/pages"}],"about":[{"href":"http:\/\/6ustu.com\/index.php?rest_route=\/wp\/v2\/types\/page"}],"author":[{"embeddable":true,"href":"http:\/\/6ustu.com\/index.php?rest_route=\/wp\/v2\/users\/1"}],"replies":[{"embeddable":true,"href":"http:\/\/6ustu.com\/index.php?rest_route=%2Fwp%2Fv2%2Fcomments&post=838"}],"version-history":[{"count":0,"href":"http:\/\/6ustu.com\/index.php?rest_route=\/wp\/v2\/pages\/838\/revisions"}],"wp:attachment":[{"href":"http:\/\/6ustu.com\/index.php?rest_route=%2Fwp%2Fv2%2Fmedia&parent=838"}],"curies":[{"name":"wp","href":"https:\/\/api.w.org\/{rel}","templated":true}]}}