{"id":9135,"date":"2017-02-09T09:27:06","date_gmt":"2017-02-09T09:27:06","guid":{"rendered":"http:\/\/ukiyo.select-themes.com\/?page_id=9135"},"modified":"2017-02-09T09:27:06","modified_gmt":"2017-02-09T09:27:06","slug":"team","status":"publish","type":"page","link":"http:\/\/6ustu.com\/?page_id=9135","title":{"rendered":"Team"},"content":{"rendered":"<div class=\"wpb-content-wrapper\"><p>[vc_row row_content_width=&#8221;grid&#8221; enable_hue_rotation=&#8221;no&#8221; use_row_as_full_screen_section=&#8221;no&#8221; angled_shape=&#8221;no&#8221; css=&#8221;.vc_custom_1493904943854{padding-top: 80px !important;padding-bottom: 78px !important;}&#8221;][vc_column]<div class=\"edge-team-list-holder edge-tl-small-space edge-tl-four-columns edge-tl-hover-show-additional-image\">\n\t<div class=\"edge-tl-inner \" data-number-of-items=\"4\" data-enable-navigation=\"no\" data-enable-pagination=\"no\">\n\t\t<div class=\"edge-team info-bellow\">\n\t<div class=\"edge-team-inner\">\n\t\t\t\t\t<div class=\"edge-team-image\">\n                                     <a itemprop=\"url\" href=\"http:\/\/6ustu.com\/?team-member=casey-jones-3\">\n                                    <img loading=\"lazy\" decoding=\"async\" width=\"308\" height=\"308\" src=\"http:\/\/6ustu.com\/wp-content\/uploads\/2017\/03\/h2-team-img-4.jpg\" class=\"attachment-full size-full wp-post-image\" alt=\"m\" srcset=\"http:\/\/6ustu.com\/wp-content\/uploads\/2017\/03\/h2-team-img-4.jpg 308w, http:\/\/6ustu.com\/wp-content\/uploads\/2017\/03\/h2-team-img-4-300x300.jpg 300w, http:\/\/6ustu.com\/wp-content\/uploads\/2017\/03\/h2-team-img-4-100x100.jpg 100w, http:\/\/6ustu.com\/wp-content\/uploads\/2017\/03\/h2-team-img-4-150x150.jpg 150w\" sizes=\"(max-width: 308px) 100vw, 308px\" \/>                                        \t<img decoding=\"async\" class=\"edge-team-additional-image\" src=\"https:\/\/dieter.qodeinteractive.com\/wp-content\/uploads\/2017\/03\/h2-team-img-4a-1.jpg\" alt=\"Zafer\" \/>\n                                    <\/a>\n\t\t\t<\/div>\n\t\t\t\t<div class=\"edge-team-info\">\n            <div class=\"edge-team-title-holder\">\n                <h4 itemprop=\"name\" class=\"edge-team-name entry-title\">\n                                        <a itemprop=\"url\" href=\"http:\/\/6ustu.com\/?team-member=casey-jones-3\" >\n                            Zafer                                <\/a>\n                <\/h4>\n\n                                    <h5 class=\"edge-team-position\">Hayalleri ve tasar\u0131mlar\u0131 hayata ge\u00e7irir<\/h5>\n                            <\/div>\n            \t\t\t<div class=\"edge-team-social-holder-between\">\n\t\t\t\t<div class=\"edge-team-social\">\n\t\t\t\t\t<div class=\"edge-team-social-inner\">\n\t\t\t\t\t\t<div class=\"edge-team-social-wrapp\">\n\t\t\t\t\t\t\t\t\t\t\t\t\t<\/div>\n\t\t\t\t\t<\/div>\n\t\t\t\t<\/div>\n\t\t\t<\/div>\n                        \t\t<\/div>\n\t<\/div>\n<\/div><div class=\"edge-team info-bellow\">\n\t<div class=\"edge-team-inner\">\n\t\t\t\t\t<div class=\"edge-team-image\">\n                                     <a itemprop=\"url\" href=\"http:\/\/6ustu.com\/?team-member=casey-jones-2\">\n                                    <img loading=\"lazy\" decoding=\"async\" width=\"308\" height=\"308\" src=\"http:\/\/6ustu.com\/wp-content\/uploads\/2017\/03\/h2-team-img-3.jpg\" class=\"attachment-full size-full wp-post-image\" alt=\"m\" srcset=\"http:\/\/6ustu.com\/wp-content\/uploads\/2017\/03\/h2-team-img-3.jpg 308w, http:\/\/6ustu.com\/wp-content\/uploads\/2017\/03\/h2-team-img-3-300x300.jpg 300w, http:\/\/6ustu.com\/wp-content\/uploads\/2017\/03\/h2-team-img-3-100x100.jpg 100w, http:\/\/6ustu.com\/wp-content\/uploads\/2017\/03\/h2-team-img-3-150x150.jpg 150w\" sizes=\"(max-width: 308px) 100vw, 308px\" \/>                                        \t<img decoding=\"async\" class=\"edge-team-additional-image\" src=\"https:\/\/dieter.qodeinteractive.com\/wp-content\/uploads\/2017\/03\/h2-team-img-3a-1.jpg\" alt=\"Cansu\" \/>\n                                    <\/a>\n\t\t\t<\/div>\n\t\t\t\t<div class=\"edge-team-info\">\n            <div class=\"edge-team-title-holder\">\n                <h4 itemprop=\"name\" class=\"edge-team-name entry-title\">\n                                        <a itemprop=\"url\" href=\"http:\/\/6ustu.com\/?team-member=casey-jones-2\" >\n                            Cansu                                <\/a>\n                <\/h4>\n\n                                    <h5 class=\"edge-team-position\">Anlar, konu\u015fur, tavlar, pazarlar<\/h5>\n                            <\/div>\n            \t\t\t<div class=\"edge-team-social-holder-between\">\n\t\t\t\t<div class=\"edge-team-social\">\n\t\t\t\t\t<div class=\"edge-team-social-inner\">\n\t\t\t\t\t\t<div class=\"edge-team-social-wrapp\">\n\t\t\t\t\t\t\t\t\t\t\t\t\t<\/div>\n\t\t\t\t\t<\/div>\n\t\t\t\t<\/div>\n\t\t\t<\/div>\n                        \t\t<\/div>\n\t<\/div>\n<\/div><div class=\"edge-team info-bellow\">\n\t<div class=\"edge-team-inner\">\n\t\t\t\t\t<div class=\"edge-team-image\">\n                                     <a itemprop=\"url\" href=\"http:\/\/6ustu.com\/?team-member=casey-jones\">\n                                    <img loading=\"lazy\" decoding=\"async\" width=\"308\" height=\"308\" src=\"http:\/\/6ustu.com\/wp-content\/uploads\/2017\/03\/h2-team-img-1.jpg\" class=\"attachment-full size-full wp-post-image\" alt=\"m\" srcset=\"http:\/\/6ustu.com\/wp-content\/uploads\/2017\/03\/h2-team-img-1.jpg 308w, http:\/\/6ustu.com\/wp-content\/uploads\/2017\/03\/h2-team-img-1-300x300.jpg 300w, http:\/\/6ustu.com\/wp-content\/uploads\/2017\/03\/h2-team-img-1-100x100.jpg 100w, http:\/\/6ustu.com\/wp-content\/uploads\/2017\/03\/h2-team-img-1-150x150.jpg 150w\" sizes=\"(max-width: 308px) 100vw, 308px\" \/>                                        \t<img decoding=\"async\" class=\"edge-team-additional-image\" src=\"http:\/\/6ustu.com\/wp-content\/uploads\/2017\/03\/h2-team-img-1a-1.jpg\" alt=\"Ecem\" \/>\n                                    <\/a>\n\t\t\t<\/div>\n\t\t\t\t<div class=\"edge-team-info\">\n            <div class=\"edge-team-title-holder\">\n                <h4 itemprop=\"name\" class=\"edge-team-name entry-title\">\n                                        <a itemprop=\"url\" href=\"http:\/\/6ustu.com\/?team-member=casey-jones\" >\n                            Ecem                                <\/a>\n                <\/h4>\n\n                                    <h5 class=\"edge-team-position\">Hikayele\u015ftirir, tasarlar, \u00fcretir<\/h5>\n                            <\/div>\n            \t\t\t<div class=\"edge-team-social-holder-between\">\n\t\t\t\t<div class=\"edge-team-social\">\n\t\t\t\t\t<div class=\"edge-team-social-inner\">\n\t\t\t\t\t\t<div class=\"edge-team-social-wrapp\">\n\t\t\t\t\t\t\t\t\t\t\t\t\t<\/div>\n\t\t\t\t\t<\/div>\n\t\t\t\t<\/div>\n\t\t\t<\/div>\n                        \t\t<\/div>\n\t<\/div>\n<\/div><div class=\"edge-team info-bellow\">\n\t<div class=\"edge-team-inner\">\n\t\t\t\t\t<div class=\"edge-team-image\">\n                                     <a itemprop=\"url\" href=\"http:\/\/6ustu.com\/?team-member=onur\">\n                                    <img loading=\"lazy\" decoding=\"async\" width=\"308\" height=\"308\" src=\"http:\/\/6ustu.com\/wp-content\/uploads\/2017\/03\/h2-team-img-2.jpg\" class=\"attachment-full size-full wp-post-image\" alt=\"m\" srcset=\"http:\/\/6ustu.com\/wp-content\/uploads\/2017\/03\/h2-team-img-2.jpg 308w, http:\/\/6ustu.com\/wp-content\/uploads\/2017\/03\/h2-team-img-2-300x300.jpg 300w, http:\/\/6ustu.com\/wp-content\/uploads\/2017\/03\/h2-team-img-2-100x100.jpg 100w, http:\/\/6ustu.com\/wp-content\/uploads\/2017\/03\/h2-team-img-2-150x150.jpg 150w\" sizes=\"(max-width: 308px) 100vw, 308px\" \/>                                        \t<img decoding=\"async\" class=\"edge-team-additional-image\" src=\"http:\/\/6ustu.com\/wp-content\/uploads\/2017\/03\/h2-team-img-2a-1.jpg\" alt=\"Onur\" \/>\n                                    <\/a>\n\t\t\t<\/div>\n\t\t\t\t<div class=\"edge-team-info\">\n            <div class=\"edge-team-title-holder\">\n                <h4 itemprop=\"name\" class=\"edge-team-name entry-title\">\n                                        <a itemprop=\"url\" href=\"http:\/\/6ustu.com\/?team-member=onur\" >\n                            Onur                                <\/a>\n                <\/h4>\n\n                                    <h5 class=\"edge-team-position\">Yaz\u0131l\u0131m m\u0131? O bizde.<\/h5>\n                            <\/div>\n            \t\t\t<div class=\"edge-team-social-holder-between\">\n\t\t\t\t<div class=\"edge-team-social\">\n\t\t\t\t\t<div class=\"edge-team-social-inner\">\n\t\t\t\t\t\t<div class=\"edge-team-social-wrapp\">\n\t\t\t\t\t\t\t\t\t\t\t\t\t<\/div>\n\t\t\t\t\t<\/div>\n\t\t\t\t<\/div>\n\t\t\t<\/div>\n                        \t\t<\/div>\n\t<\/div>\n<\/div><div class=\"edge-team info-bellow\">\n\t<div class=\"edge-team-inner\">\n\t\t\t\t\t<div class=\"edge-team-image\">\n                                     <a itemprop=\"url\" href=\"http:\/\/6ustu.com\/?team-member=wanda-heep\">\n                                    <img loading=\"lazy\" decoding=\"async\" width=\"308\" height=\"308\" src=\"http:\/\/6ustu.com\/wp-content\/uploads\/2017\/03\/h2-team-img-3.jpg\" class=\"attachment-full size-full wp-post-image\" alt=\"m\" srcset=\"http:\/\/6ustu.com\/wp-content\/uploads\/2017\/03\/h2-team-img-3.jpg 308w, http:\/\/6ustu.com\/wp-content\/uploads\/2017\/03\/h2-team-img-3-300x300.jpg 300w, http:\/\/6ustu.com\/wp-content\/uploads\/2017\/03\/h2-team-img-3-100x100.jpg 100w, http:\/\/6ustu.com\/wp-content\/uploads\/2017\/03\/h2-team-img-3-150x150.jpg 150w\" sizes=\"(max-width: 308px) 100vw, 308px\" \/>                                        \t<img decoding=\"async\" class=\"edge-team-additional-image\" src=\"http:\/\/6ustu.com\/wp-content\/uploads\/2017\/03\/h2-team-img-3a-1.jpg\" alt=\"G\u00fclsen\" \/>\n                                    <\/a>\n\t\t\t<\/div>\n\t\t\t\t<div class=\"edge-team-info\">\n            <div class=\"edge-team-title-holder\">\n                <h4 itemprop=\"name\" class=\"edge-team-name entry-title\">\n                                        <a itemprop=\"url\" href=\"http:\/\/6ustu.com\/?team-member=wanda-heep\" >\n                            G\u00fclsen                                <\/a>\n                <\/h4>\n\n                                    <h5 class=\"edge-team-position\">G\u00f6r\u00fcr, ba\u011flar, satar<\/h5>\n                            <\/div>\n            \t\t\t<div class=\"edge-team-social-holder-between\">\n\t\t\t\t<div class=\"edge-team-social\">\n\t\t\t\t\t<div class=\"edge-team-social-inner\">\n\t\t\t\t\t\t<div class=\"edge-team-social-wrapp\">\n\t\t\t\t\t\t\t\t\t\t\t\t\t<\/div>\n\t\t\t\t\t<\/div>\n\t\t\t\t<\/div>\n\t\t\t<\/div>\n                        \t\t<\/div>\n\t<\/div>\n<\/div>\t<\/div>\n<\/div>[\/vc_column][\/vc_row]<\/p>\n<\/div>","protected":false},"excerpt":{"rendered":"<p>[vc_row row_content_width=&#8221;grid&#8221; enable_hue_rotation=&#8221;no&#8221; use_row_as_full_screen_section=&#8221;no&#8221; angled_shape=&#8221;no&#8221; css=&#8221;.vc_custom_1493904943854{padding-top: 80px !important;padding-bottom: 78px !important;}&#8221;][vc_column][\/vc_column][\/vc_row]<\/p>\n","protected":false},"author":1,"featured_media":0,"parent":0,"menu_order":0,"comment_status":"closed","ping_status":"closed","template":"full-width.php","meta":{"inline_featured_image":false,"footnotes":""},"class_list":["post-9135","page","type-page","status-publish","hentry"],"_links":{"self":[{"href":"http:\/\/6ustu.com\/index.php?rest_route=\/wp\/v2\/pages\/9135"}],"collection":[{"href":"http:\/\/6ustu.com\/index.php?rest_route=\/wp\/v2\/pages"}],"about":[{"href":"http:\/\/6ustu.com\/index.php?rest_route=\/wp\/v2\/types\/page"}],"author":[{"embeddable":true,"href":"http:\/\/6ustu.com\/index.php?rest_route=\/wp\/v2\/users\/1"}],"replies":[{"embeddable":true,"href":"http:\/\/6ustu.com\/index.php?rest_route=%2Fwp%2Fv2%2Fcomments&post=9135"}],"version-history":[{"count":0,"href":"http:\/\/6ustu.com\/index.php?rest_route=\/wp\/v2\/pages\/9135\/revisions"}],"wp:attachment":[{"href":"http:\/\/6ustu.com\/index.php?rest_route=%2Fwp%2Fv2%2Fmedia&parent=9135"}],"curies":[{"name":"wp","href":"https:\/\/api.w.org\/{rel}","templated":true}]}}